{"id":646,"date":"2023-03-14T18:56:46","date_gmt":"2023-03-14T18:56:46","guid":{"rendered":"https:\/\/dunaslivres.pt\/?page_id=646"},"modified":"2024-01-11T17:12:18","modified_gmt":"2024-01-11T17:12:18","slug":"documentos","status":"publish","type":"page","link":"https:\/\/dunaslivres.pt\/en\/documentos\/","title":{"rendered":"Documents"},"content":{"rendered":"<h3 class=\"wp-block-heading\">Accounting Report for the Dunas Livres Association 2023<\/h3>\n\n\n\n<p>The expenses of and contributions to the association in 2023<\/p>\n\n\n\n<div class=\"wp-block-buttons is-layout-flex wp-block-buttons-is-layout-flex\">\n<div class=\"wp-block-button\"><a class=\"wp-block-button__link wp-element-button\" href=\"https:\/\/dunaslivres.pt\/wp-content\/uploads\/2024\/01\/Accounting-Report-2023.pdf\" target=\"_blank\" rel=\"noreferrer noopener\">Report in pdf <\/a><\/div>\n<\/div>\n\n\n\n<hr class=\"wp-block-separator has-alpha-channel-opacity\"\/>\n\n\n\n<h3 class=\"wp-block-heading\">Accounting Report for the Dunas Livres Association 2022<\/h3>\n\n\n\n<p>The expenses of and contributions to the association in 2022<\/p>\n\n\n\n<div class=\"wp-block-buttons is-layout-flex wp-block-buttons-is-layout-flex\">\n<div class=\"wp-block-button\"><a class=\"wp-block-button__link wp-element-button\" href=\"https:\/\/dunaslivres.pt\/wp-content\/uploads\/2024\/01\/Accounting-Report-2022.pdf\" target=\"_blank\" rel=\"noreferrer noopener\">Report in pdf<\/a><\/div>\n<\/div>\n\n\n\n<p><\/p>\n\n\n\n<p><\/p>","protected":false},"excerpt":{"rendered":"<p>Relat\u00f3rio de Contas da Associa\u00e7\u00e3o Dunas Livres 2023 As despesas de e contribui\u00e7\u00f5es para a associa\u00e7\u00e3o em 2023 Relat\u00f3rio de Contas da Associa\u00e7\u00e3o Dunas Livres 2022 As despesas de e contribui\u00e7\u00f5es para a associa\u00e7\u00e3o em 2022<\/p>","protected":false},"author":1,"featured_media":0,"parent":0,"menu_order":0,"comment_status":"closed","ping_status":"closed","template":"","meta":{"footnotes":""},"class_list":["post-646","page","type-page","status-publish","hentry"],"_links":{"self":[{"href":"https:\/\/dunaslivres.pt\/en\/wp-json\/wp\/v2\/pages\/646","targetHints":{"allow":["GET"]}}],"collection":[{"href":"https:\/\/dunaslivres.pt\/en\/wp-json\/wp\/v2\/pages"}],"about":[{"href":"https:\/\/dunaslivres.pt\/en\/wp-json\/wp\/v2\/types\/page"}],"author":[{"embeddable":true,"href":"https:\/\/dunaslivres.pt\/en\/wp-json\/wp\/v2\/users\/1"}],"replies":[{"embeddable":true,"href":"https:\/\/dunaslivres.pt\/en\/wp-json\/wp\/v2\/comments?post=646"}],"version-history":[{"count":3,"href":"https:\/\/dunaslivres.pt\/en\/wp-json\/wp\/v2\/pages\/646\/revisions"}],"predecessor-version":[{"id":945,"href":"https:\/\/dunaslivres.pt\/en\/wp-json\/wp\/v2\/pages\/646\/revisions\/945"}],"wp:attachment":[{"href":"https:\/\/dunaslivres.pt\/en\/wp-json\/wp\/v2\/media?parent=646"}],"curies":[{"name":"wp","href":"https:\/\/api.w.org\/{rel}","templated":true}]}}